{"id":43,"date":"2021-01-25T20:29:08","date_gmt":"2021-01-25T19:29:08","guid":{"rendered":"http:\/\/twrponiatowa.pl\/?page_id=43"},"modified":"2025-03-13T12:48:42","modified_gmt":"2025-03-13T11:48:42","slug":"kadra","status":"publish","type":"page","link":"https:\/\/twrponiatowa.pl\/index.php\/kadra\/","title":{"rendered":"KADRA"},"content":{"rendered":"<div class=\"wp-block-image is-style-rounded\">\n<figure class=\"aligncenter size-full is-resized\"><img loading=\"lazy\" decoding=\"async\" width=\"668\" height=\"432\" src=\"https:\/\/twrponiatowa.pl\/wp-content\/uploads\/2022\/07\/1-1.png\" alt=\"\" class=\"wp-image-1627\" style=\"width:391px;height:253px\" srcset=\"https:\/\/twrponiatowa.pl\/wp-content\/uploads\/2022\/07\/1-1.png 668w, https:\/\/twrponiatowa.pl\/wp-content\/uploads\/2022\/07\/1-1-300x194.png 300w\" sizes=\"auto, (max-width: 668px) 100vw, 668px\" \/><\/figure><\/div>\n\n\n<p class=\"has-text-align-center\"><strong>KADRA PLAC\u00d3WKI OD 1 STYCZNIA 2022 roku<\/strong><\/p>\n\n\n\n<p class=\"has-text-align-center\"><strong>KIEROWNIK PLAC\u00d3WKI<\/strong><br>mgr I. Ruta<\/p>\n\n\n\n<p class=\"has-text-align-center\"><strong>WYCHOWAWCY:<\/strong><br>mgr J. Kozak<br>mgr D. Puci\u0142owska<br>mgr M. Osiak<br>mgr in\u017c. T. Puci\u0142owski<br>mgr I. Olender<br>mgr A. Dacka<br>mgr I. Ruta<\/p>\n\n\n\n<p class=\"has-text-align-center\"><strong>PSYCHOLOG:<\/strong><br>mgr J. Kozak<\/p>\n\n\n\n<p class=\"has-text-align-center\"><strong>PSYCHOPEDAGOG TW\u00d3RCZO\u015aCI:<\/strong><br>mgr M. Osiak<\/p>\n\n\n\n<p class=\"has-text-align-center\"><strong>PEDAGOG SPECJALNY \u2013 ZAJ\u0118CIA KOREKCYJNO-KOMPENSACYJNE:<\/strong><br>mgr D. Puci\u0142owska<\/p>\n\n\n<div class=\"wp-block-image is-style-rounded\">\n<figure class=\"aligncenter size-full is-resized\"><img loading=\"lazy\" decoding=\"async\" width=\"820\" height=\"490\" src=\"https:\/\/twrponiatowa.pl\/wp-content\/uploads\/2022\/07\/1.bmp\" alt=\"\" class=\"wp-image-1619\" style=\"width:331px;height:199px\" srcset=\"https:\/\/twrponiatowa.pl\/wp-content\/uploads\/2022\/07\/1.bmp 820w, https:\/\/twrponiatowa.pl\/wp-content\/uploads\/2022\/07\/1-300x179.jpg 300w, https:\/\/twrponiatowa.pl\/wp-content\/uploads\/2022\/07\/1-768x459.jpg 768w\" sizes=\"auto, (max-width: 820px) 100vw, 820px\" \/><\/figure><\/div>\n\n\n<p class=\"has-text-align-center\"><strong>KADRA PLAC\u00d3WKI DO GRUDNIA 2021 ROKU<\/strong><\/p>\n\n\n\n<p class=\"has-text-align-center\"><strong>Kierownik Plac\u00f3wki: <\/strong><br>mgr J. Kustra<\/p>\n\n\n\n<p class=\"has-text-align-center\"><strong>Pedagog - wychowawca<\/strong>:<br>mgr M. Bielecka<br>mgr E. Pyda<br>mgr J. Kustra<br>licencjat A. Mi\u0119tkiewicz<br>mgr B. Chy\u0142a<br>mgr I. Olender<br>mgr A. Dacka <\/p>\n\n\n\n<p class=\"has-text-align-center\"><strong>Psycholog:<\/strong> <br>mgr J. Kozak<\/p>\n\n\n\n<p class=\"has-text-align-center\"><strong>Psychopedagog tw\u00f3rczo\u015bci:<\/strong><br>mgr H. Kolasi\u0144ska<\/p>\n\n\n\n<p class=\"has-text-align-center\"><strong>Pedagog<\/strong> <strong>specjalny - zaj\u0119cia korekcyjno-kompensacyjne:<\/strong><br>mgr M. Bielecka<\/p>\n","protected":false},"excerpt":{"rendered":"<p>KADRA PLAC\u00d3WKI OD 1 STYCZNIA 2022 roku KIEROWNIK PLAC\u00d3WKImgr I. Ruta WYCHOWAWCY:mgr J. Kozakmgr D. Puci\u0142owskamgr M. Osiakmgr in\u017c. T. Puci\u0142owskimgr I. Olendermgr A. Dackamgr I. Ruta PSYCHOLOG:mgr J. Kozak PSYCHOPEDAGOG TW\u00d3RCZO\u015aCI:mgr M. Osiak PEDAGOG SPECJALNY \u2013 ZAJ\u0118CIA KOREKCYJNO-KOMPENSACYJNE:mgr D. Puci\u0142owska KADRA PLAC\u00d3WKI DO GRUDNIA 2021 ROKU Kierownik Plac\u00f3wki: mgr J. Kustra Pedagog - wychowawca:mgr <a href=\"https:\/\/twrponiatowa.pl\/index.php\/kadra\/\" class=\"more-link\">Czytaj dalej...<span class=\"screen-reader-text\"> \"KADRA\"<\/span><\/a><\/p>\n","protected":false},"author":1,"featured_media":0,"parent":0,"menu_order":0,"comment_status":"closed","ping_status":"closed","template":"","meta":{"footnotes":""},"class_list":["post-43","page","type-page","status-publish","h-entry","hentry","h-as-page"],"_links":{"self":[{"href":"https:\/\/twrponiatowa.pl\/index.php\/wp-json\/wp\/v2\/pages\/43","targetHints":{"allow":["GET"]}}],"collection":[{"href":"https:\/\/twrponiatowa.pl\/index.php\/wp-json\/wp\/v2\/pages"}],"about":[{"href":"https:\/\/twrponiatowa.pl\/index.php\/wp-json\/wp\/v2\/types\/page"}],"author":[{"embeddable":true,"href":"https:\/\/twrponiatowa.pl\/index.php\/wp-json\/wp\/v2\/users\/1"}],"replies":[{"embeddable":true,"href":"https:\/\/twrponiatowa.pl\/index.php\/wp-json\/wp\/v2\/comments?post=43"}],"version-history":[{"count":28,"href":"https:\/\/twrponiatowa.pl\/index.php\/wp-json\/wp\/v2\/pages\/43\/revisions"}],"predecessor-version":[{"id":3337,"href":"https:\/\/twrponiatowa.pl\/index.php\/wp-json\/wp\/v2\/pages\/43\/revisions\/3337"}],"wp:attachment":[{"href":"https:\/\/twrponiatowa.pl\/index.php\/wp-json\/wp\/v2\/media?parent=43"}],"curies":[{"name":"wp","href":"https:\/\/api.w.org\/{rel}","templated":true}]}}